{"id":8194,"date":"2025-07-16T23:43:10","date_gmt":"2025-07-16T21:43:10","guid":{"rendered":"https:\/\/mhhelpline.com\/about\/tadeusz-reimus\/"},"modified":"2026-02-19T15:20:58","modified_gmt":"2026-02-19T14:20:58","slug":"tadeusz-reimus","status":"publish","type":"page","link":"https:\/\/mhhelpline.com\/en\/about\/tadeusz-reimus\/","title":{"rendered":"Tadeusz Reimus"},"content":{"rendered":"<div class=\"fusion-fullwidth fullwidth-box fusion-builder-row-1 fusion-flex-container nonhundred-percent-fullwidth non-hundred-percent-height-scrolling\" style=\"--link_color: #262626;--awb-border-radius-top-left:0px;--awb-border-radius-top-right:0px;--awb-border-radius-bottom-right:0px;--awb-border-radius-bottom-left:0px;--awb-padding-top:144px;--awb-padding-bottom:64px;--awb-margin-bottom:64px;--awb-background-color:var(--awb-color2);--awb-flex-wrap:wrap;\" ><div class=\"fusion-builder-row fusion-row fusion-flex-align-items-flex-start fusion-flex-align-content-center fusion-flex-content-wrap\" style=\"max-width:calc( 1200px + 5vw );margin-left: calc(-5vw \/ 2 );margin-right: calc(-5vw \/ 2 );\"><div class=\"fusion-layout-column fusion_builder_column fusion-builder-column-0 fusion_builder_column_1_2 1_2 fusion-flex-column\" style=\"--awb-bg-size:cover;--awb-width-large:50%;--awb-margin-top-large:0px;--awb-spacing-right-large:2.5vw;--awb-margin-bottom-large:20px;--awb-spacing-left-large:2.5vw;--awb-width-medium:50%;--awb-order-medium:0;--awb-spacing-right-medium:2.5vw;--awb-spacing-left-medium:2.5vw;--awb-width-small:100%;--awb-order-small:0;--awb-spacing-right-small:2.5vw;--awb-margin-bottom-small:3rem;--awb-spacing-left-small:2.5vw;\"><div class=\"fusion-column-wrapper fusion-column-has-shadow fusion-flex-justify-content-flex-start fusion-content-layout-column\"><div class=\"fusion-image-element \" style=\"--awb-aspect-ratio:1 \/ 1;--awb-caption-title-font-family:var(--h2_typography-font-family);--awb-caption-title-font-weight:var(--h2_typography-font-weight);--awb-caption-title-font-style:var(--h2_typography-font-style);--awb-caption-title-size:var(--h2_typography-font-size);--awb-caption-title-transform:var(--h2_typography-text-transform);--awb-caption-title-line-height:var(--h2_typography-line-height);--awb-caption-title-letter-spacing:var(--h2_typography-letter-spacing);\"><span class=\" fusion-imageframe imageframe-none imageframe-1 hover-type-none has-aspect-ratio\"><img decoding=\"async\" width=\"800\" height=\"800\" title=\"persona-Tadeusz-800px-modal\" src=\"https:\/\/mhhelpline.com\/wp-content\/uploads\/2021\/11\/persona-Tadeusz-800px-modal.jpg\" class=\"img-responsive wp-image-3305 img-with-aspect-ratio\" data-parent-fit=\"cover\" data-parent-container=\".fusion-image-element\" alt srcset=\"https:\/\/mhhelpline.com\/wp-content\/uploads\/2021\/11\/persona-Tadeusz-800px-modal-200x200.jpg 200w, https:\/\/mhhelpline.com\/wp-content\/uploads\/2021\/11\/persona-Tadeusz-800px-modal-400x400.jpg 400w, https:\/\/mhhelpline.com\/wp-content\/uploads\/2021\/11\/persona-Tadeusz-800px-modal-600x600.jpg 600w, https:\/\/mhhelpline.com\/wp-content\/uploads\/2021\/11\/persona-Tadeusz-800px-modal.jpg 800w\" sizes=\"(max-width: 640px) 100vw, 800px\" \/><\/span><\/div><\/div><\/div><div class=\"fusion-layout-column fusion_builder_column fusion-builder-column-1 fusion_builder_column_1_2 1_2 fusion-flex-column fusion-flex-align-self-center\" style=\"--awb-padding-bottom-medium:5vw;--awb-bg-size:cover;--awb-width-large:50%;--awb-margin-top-large:0px;--awb-spacing-right-large:2.5vw;--awb-margin-bottom-large:20px;--awb-spacing-left-large:2.5vw;--awb-width-medium:50%;--awb-order-medium:0;--awb-spacing-right-medium:2.5vw;--awb-spacing-left-medium:2.5vw;--awb-width-small:100%;--awb-order-small:0;--awb-spacing-right-small:2.5vw;--awb-spacing-left-small:2.5vw;\"><div class=\"fusion-column-wrapper fusion-column-has-shadow fusion-flex-justify-content-flex-end fusion-content-layout-column\"><div class=\"fusion-title title fusion-title-1 fusion-no-small-visibility fusion-no-medium-visibility fusion-sep-none fusion-title-text fusion-title-size-one\" style=\"--awb-margin-top:0px;--awb-margin-bottom:4px;--awb-margin-top-small:10px;--awb-margin-right-small:0px;--awb-margin-bottom-small:10px;--awb-margin-left-small:0px;\"><h1 class=\"fusion-title-heading title-heading-left\" style=\"margin:0;\">Tadeusz Reimus<\/h1><\/div><div class=\"fusion-title title fusion-title-2 fusion-no-large-visibility fusion-sep-none fusion-title-text fusion-title-size-one\" style=\"--awb-margin-top:0px;--awb-margin-bottom:4px;--awb-margin-top-small:10px;--awb-margin-right-small:0px;--awb-margin-bottom-small:10px;--awb-margin-left-small:0px;--awb-font-size:40px;\"><h1 class=\"fusion-title-heading title-heading-left\" style=\"margin:0;font-size:1em;line-height:44px;\">Tadeusz Reimus<\/h1><\/div><div class=\"fusion-text fusion-text-1 fusion-text-no-margin\" style=\"--awb-content-alignment:left;--awb-font-size:20px;--awb-line-height:28px;--awb-text-color:#262626;--awb-margin-top:0px;--awb-margin-right:0px;--awb-margin-bottom:4px;--awb-margin-left:0px;\"><p>Chief Clinical Officer<\/p>\n<\/div><ul style=\"--awb-item-padding-top:0px;--awb-item-padding-right:0px;--awb-item-padding-bottom:0px;--awb-item-padding-left:0px;--awb-iconcolor:var(--awb-color5);--awb-textcolor:var(--awb-color8);--awb-line-height:27.2px;--awb-icon-width:27.2px;--awb-icon-height:27.2px;--awb-icon-margin:11.2px;--awb-content-margin:38.4px;\" class=\"fusion-checklist fusion-checklist-1 type-icons\"><li class=\"fusion-li-item\" style=\"\"><span class=\"icon-wrapper circle-no\"><i class=\"fusion-li-icon fa-envelope fas\" aria-hidden=\"true\"><\/i><\/span><div class=\"fusion-li-item-content\">\n<p><a href=\"mailto:tadeusz.reimus@mhhelpline.com\">tadeusz.reimus@mhhelpline.com<\/a><\/p>\n<\/div><\/li><\/ul><div class=\"fusion-text fusion-text-2\" style=\"--awb-font-size:var(--awb-typography4-font-size);--awb-line-height:var(--awb-typography4-line-height);--awb-letter-spacing:var(--awb-typography4-letter-spacing);--awb-text-transform:var(--awb-typography4-text-transform);--awb-margin-top:2rem;--awb-text-font-family:var(--awb-typography4-font-family);--awb-text-font-weight:var(--awb-typography4-font-weight);--awb-text-font-style:var(--awb-typography4-font-style);\"><p>Practicing integrative psychotherapist, PCC-accredited coach with the International Coach Federation, and a consultant &#8211; a psychologist by education and calling. He has extensive experience working with organizations across all levels of the hierarchy, possessing the knowledge and skills required to design and implement interventions, employee assistance programs, and training policies.<\/p>\n<p>He is the co-author of strategic documents, including the Civil Service Training Strategy for 2008\u20132010, as well as the publication &#8220;Trener w rolach g\u0142\u00f3wnych&#8221; (PWN 2018, eds. Justyna Matras, Rafa\u0142 \u017bak) and numerous articles.<\/p>\n<\/div><\/div><\/div><\/div><\/div>\n","protected":false},"excerpt":{"rendered":"","protected":false},"author":4,"featured_media":0,"parent":2437,"menu_order":0,"comment_status":"closed","ping_status":"closed","template":"100-width.php","meta":{"footnotes":""},"class_list":["post-8194","page","type-page","status-publish","hentry"],"yoast_head":"<!-- This site is optimized with the Yoast SEO plugin v27.4 - https:\/\/yoast.com\/product\/yoast-seo-wordpress\/ -->\n<title>Tadeusz Reimus - Mental Health Helpline<\/title>\n<meta name=\"robots\" content=\"index, follow, max-snippet:-1, max-image-preview:large, max-video-preview:-1\" \/>\n<link rel=\"canonical\" href=\"https:\/\/mhhelpline.com\/en\/about\/tadeusz-reimus\/\" \/>\n<meta property=\"og:locale\" content=\"en_US\" \/>\n<meta property=\"og:type\" content=\"article\" \/>\n<meta property=\"og:title\" content=\"Tadeusz Reimus - Mental Health Helpline\" \/>\n<meta property=\"og:url\" content=\"https:\/\/mhhelpline.com\/en\/about\/tadeusz-reimus\/\" \/>\n<meta property=\"og:site_name\" content=\"Mental Health Helpline\" \/>\n<meta property=\"article:publisher\" content=\"https:\/\/www.facebook.com\/mentalhealthhelplinepl\" \/>\n<meta property=\"article:modified_time\" content=\"2026-02-19T14:20:58+00:00\" \/>\n<meta property=\"og:image\" content=\"https:\/\/mhhelpline.com\/wp-content\/uploads\/2021\/06\/Logo@2x.png\" \/>\n\t<meta property=\"og:image:width\" content=\"696\" \/>\n\t<meta property=\"og:image:height\" content=\"417\" \/>\n\t<meta property=\"og:image:type\" content=\"image\/png\" \/>\n<meta name=\"twitter:card\" content=\"summary_large_image\" \/>\n<meta name=\"twitter:label1\" content=\"Est. reading time\" \/>\n\t<meta name=\"twitter:data1\" content=\"6 minutes\" \/>\n<script type=\"application\/ld+json\" class=\"yoast-schema-graph\">{\"@context\":\"https:\\\/\\\/schema.org\",\"@graph\":[{\"@type\":\"WebPage\",\"@id\":\"https:\\\/\\\/mhhelpline.com\\\/en\\\/about\\\/tadeusz-reimus\\\/\",\"url\":\"https:\\\/\\\/mhhelpline.com\\\/en\\\/about\\\/tadeusz-reimus\\\/\",\"name\":\"Tadeusz Reimus - Mental Health Helpline\",\"isPartOf\":{\"@id\":\"https:\\\/\\\/mhhelpline.com\\\/en\\\/#website\"},\"datePublished\":\"2025-07-16T21:43:10+00:00\",\"dateModified\":\"2026-02-19T14:20:58+00:00\",\"breadcrumb\":{\"@id\":\"https:\\\/\\\/mhhelpline.com\\\/en\\\/about\\\/tadeusz-reimus\\\/#breadcrumb\"},\"inLanguage\":\"en-US\",\"potentialAction\":[{\"@type\":\"ReadAction\",\"target\":[\"https:\\\/\\\/mhhelpline.com\\\/en\\\/about\\\/tadeusz-reimus\\\/\"]}]},{\"@type\":\"BreadcrumbList\",\"@id\":\"https:\\\/\\\/mhhelpline.com\\\/en\\\/about\\\/tadeusz-reimus\\\/#breadcrumb\",\"itemListElement\":[{\"@type\":\"ListItem\",\"position\":1,\"name\":\"Strona g\u0142\u00f3wna\",\"item\":\"https:\\\/\\\/mhhelpline.com\\\/en\\\/\"},{\"@type\":\"ListItem\",\"position\":2,\"name\":\"About\",\"item\":\"https:\\\/\\\/mhhelpline.com\\\/en\\\/about\\\/\"},{\"@type\":\"ListItem\",\"position\":3,\"name\":\"Tadeusz Reimus\"}]},{\"@type\":\"WebSite\",\"@id\":\"https:\\\/\\\/mhhelpline.com\\\/en\\\/#website\",\"url\":\"https:\\\/\\\/mhhelpline.com\\\/en\\\/\",\"name\":\"Mental Health Helpline\",\"description\":\"Pomoc psychologiczna on-line. Wspieramy w kryzysie, niesiemy pomoc.\",\"publisher\":{\"@id\":\"https:\\\/\\\/mhhelpline.com\\\/en\\\/#organization\"},\"alternateName\":\"MHHL\",\"potentialAction\":[{\"@type\":\"SearchAction\",\"target\":{\"@type\":\"EntryPoint\",\"urlTemplate\":\"https:\\\/\\\/mhhelpline.com\\\/en\\\/?s={search_term_string}\"},\"query-input\":{\"@type\":\"PropertyValueSpecification\",\"valueRequired\":true,\"valueName\":\"search_term_string\"}}],\"inLanguage\":\"en-US\"},{\"@type\":\"Organization\",\"@id\":\"https:\\\/\\\/mhhelpline.com\\\/en\\\/#organization\",\"name\":\"Mental Health HelpLine\",\"alternateName\":\"MHHL\",\"url\":\"https:\\\/\\\/mhhelpline.com\\\/en\\\/\",\"logo\":{\"@type\":\"ImageObject\",\"inLanguage\":\"en-US\",\"@id\":\"https:\\\/\\\/mhhelpline.com\\\/en\\\/#\\\/schema\\\/logo\\\/image\\\/\",\"url\":\"https:\\\/\\\/mhhelpline.com\\\/wp-content\\\/uploads\\\/2021\\\/06\\\/Logo.png\",\"contentUrl\":\"https:\\\/\\\/mhhelpline.com\\\/wp-content\\\/uploads\\\/2021\\\/06\\\/Logo.png\",\"width\":348,\"height\":209,\"caption\":\"Mental Health HelpLine\"},\"image\":{\"@id\":\"https:\\\/\\\/mhhelpline.com\\\/en\\\/#\\\/schema\\\/logo\\\/image\\\/\"},\"sameAs\":[\"https:\\\/\\\/www.facebook.com\\\/mentalhealthhelplinepl\",\"https:\\\/\\\/www.linkedin.com\\\/company\\\/mental-health-help-line\\\/\"]}]}<\/script>\n<!-- \/ Yoast SEO plugin. -->","yoast_head_json":{"title":"Tadeusz Reimus - Mental Health Helpline","robots":{"index":"index","follow":"follow","max-snippet":"max-snippet:-1","max-image-preview":"max-image-preview:large","max-video-preview":"max-video-preview:-1"},"canonical":"https:\/\/mhhelpline.com\/en\/about\/tadeusz-reimus\/","og_locale":"en_US","og_type":"article","og_title":"Tadeusz Reimus - Mental Health Helpline","og_url":"https:\/\/mhhelpline.com\/en\/about\/tadeusz-reimus\/","og_site_name":"Mental Health Helpline","article_publisher":"https:\/\/www.facebook.com\/mentalhealthhelplinepl","article_modified_time":"2026-02-19T14:20:58+00:00","og_image":[{"width":696,"height":417,"url":"https:\/\/mhhelpline.com\/wp-content\/uploads\/2021\/06\/Logo@2x.png","type":"image\/png"}],"twitter_card":"summary_large_image","twitter_misc":{"Est. reading time":"6 minutes"},"schema":{"@context":"https:\/\/schema.org","@graph":[{"@type":"WebPage","@id":"https:\/\/mhhelpline.com\/en\/about\/tadeusz-reimus\/","url":"https:\/\/mhhelpline.com\/en\/about\/tadeusz-reimus\/","name":"Tadeusz Reimus - Mental Health Helpline","isPartOf":{"@id":"https:\/\/mhhelpline.com\/en\/#website"},"datePublished":"2025-07-16T21:43:10+00:00","dateModified":"2026-02-19T14:20:58+00:00","breadcrumb":{"@id":"https:\/\/mhhelpline.com\/en\/about\/tadeusz-reimus\/#breadcrumb"},"inLanguage":"en-US","potentialAction":[{"@type":"ReadAction","target":["https:\/\/mhhelpline.com\/en\/about\/tadeusz-reimus\/"]}]},{"@type":"BreadcrumbList","@id":"https:\/\/mhhelpline.com\/en\/about\/tadeusz-reimus\/#breadcrumb","itemListElement":[{"@type":"ListItem","position":1,"name":"Strona g\u0142\u00f3wna","item":"https:\/\/mhhelpline.com\/en\/"},{"@type":"ListItem","position":2,"name":"About","item":"https:\/\/mhhelpline.com\/en\/about\/"},{"@type":"ListItem","position":3,"name":"Tadeusz Reimus"}]},{"@type":"WebSite","@id":"https:\/\/mhhelpline.com\/en\/#website","url":"https:\/\/mhhelpline.com\/en\/","name":"Mental Health Helpline","description":"Pomoc psychologiczna on-line. Wspieramy w kryzysie, niesiemy pomoc.","publisher":{"@id":"https:\/\/mhhelpline.com\/en\/#organization"},"alternateName":"MHHL","potentialAction":[{"@type":"SearchAction","target":{"@type":"EntryPoint","urlTemplate":"https:\/\/mhhelpline.com\/en\/?s={search_term_string}"},"query-input":{"@type":"PropertyValueSpecification","valueRequired":true,"valueName":"search_term_string"}}],"inLanguage":"en-US"},{"@type":"Organization","@id":"https:\/\/mhhelpline.com\/en\/#organization","name":"Mental Health HelpLine","alternateName":"MHHL","url":"https:\/\/mhhelpline.com\/en\/","logo":{"@type":"ImageObject","inLanguage":"en-US","@id":"https:\/\/mhhelpline.com\/en\/#\/schema\/logo\/image\/","url":"https:\/\/mhhelpline.com\/wp-content\/uploads\/2021\/06\/Logo.png","contentUrl":"https:\/\/mhhelpline.com\/wp-content\/uploads\/2021\/06\/Logo.png","width":348,"height":209,"caption":"Mental Health HelpLine"},"image":{"@id":"https:\/\/mhhelpline.com\/en\/#\/schema\/logo\/image\/"},"sameAs":["https:\/\/www.facebook.com\/mentalhealthhelplinepl","https:\/\/www.linkedin.com\/company\/mental-health-help-line\/"]}]}},"_links":{"self":[{"href":"https:\/\/mhhelpline.com\/en\/wp-json\/wp\/v2\/pages\/8194","targetHints":{"allow":["GET"]}}],"collection":[{"href":"https:\/\/mhhelpline.com\/en\/wp-json\/wp\/v2\/pages"}],"about":[{"href":"https:\/\/mhhelpline.com\/en\/wp-json\/wp\/v2\/types\/page"}],"author":[{"embeddable":true,"href":"https:\/\/mhhelpline.com\/en\/wp-json\/wp\/v2\/users\/4"}],"replies":[{"embeddable":true,"href":"https:\/\/mhhelpline.com\/en\/wp-json\/wp\/v2\/comments?post=8194"}],"version-history":[{"count":3,"href":"https:\/\/mhhelpline.com\/en\/wp-json\/wp\/v2\/pages\/8194\/revisions"}],"predecessor-version":[{"id":9183,"href":"https:\/\/mhhelpline.com\/en\/wp-json\/wp\/v2\/pages\/8194\/revisions\/9183"}],"up":[{"embeddable":true,"href":"https:\/\/mhhelpline.com\/en\/wp-json\/wp\/v2\/pages\/2437"}],"wp:attachment":[{"href":"https:\/\/mhhelpline.com\/en\/wp-json\/wp\/v2\/media?parent=8194"}],"curies":[{"name":"wp","href":"https:\/\/api.w.org\/{rel}","templated":true}]}}